{"id":134,"date":"2024-04-01T00:19:41","date_gmt":"2024-03-31T22:19:41","guid":{"rendered":"https:\/\/oceanetravels.com\/?page_id=134"},"modified":"2024-04-12T04:12:14","modified_gmt":"2024-04-12T02:12:14","slug":"a-propos","status":"publish","type":"page","link":"https:\/\/oceanetravels.com\/index.php\/a-propos\/","title":{"rendered":"A propos"},"content":{"rendered":"\n<p class=\"has-text-align-center has-background has-large-font-size\" style=\"background-color:#76b6c4;font-style:normal;font-weight:500\">A propos <\/p>\n\n\n\n<div class=\"wp-block-columns is-layout-flex wp-container-core-columns-layout-1 wp-block-columns-is-layout-flex\">\n<div class=\"wp-block-column is-layout-flow wp-block-column-is-layout-flow\"><div class=\"wp-block-image\">\n<figure class=\"aligncenter size-full is-resized\"><img loading=\"lazy\" decoding=\"async\" width=\"1707\" height=\"2560\" src=\"https:\/\/oceanetravels.com\/wp-content\/uploads\/2024\/03\/dsc08847-2-1-scaled.jpg\" alt=\"\" class=\"wp-image-115\" style=\"width:350px\" srcset=\"https:\/\/oceanetravels.com\/wp-content\/uploads\/2024\/03\/dsc08847-2-1-scaled.jpg 1707w, https:\/\/oceanetravels.com\/wp-content\/uploads\/2024\/03\/dsc08847-2-1-200x300.jpg 200w, https:\/\/oceanetravels.com\/wp-content\/uploads\/2024\/03\/dsc08847-2-1-683x1024.jpg 683w, https:\/\/oceanetravels.com\/wp-content\/uploads\/2024\/03\/dsc08847-2-1-768x1152.jpg 768w, https:\/\/oceanetravels.com\/wp-content\/uploads\/2024\/03\/dsc08847-2-1-1024x1536.jpg 1024w, https:\/\/oceanetravels.com\/wp-content\/uploads\/2024\/03\/dsc08847-2-1-1365x2048.jpg 1365w\" sizes=\"(max-width: 1707px) 100vw, 1707px\" \/><\/figure><\/div><\/div>\n\n\n\n<div class=\"wp-block-column is-layout-flow wp-block-column-is-layout-flow\">\n<p class=\"has-text-align-center has-medium-font-size\" style=\"font-style:normal;font-weight:500\">QUI EST OCEANE&rsquo;S TRAVELS ?<\/p>\n\n\n\n<p style=\"margin-bottom:var(--wp--preset--spacing--30)\">Salut ! Moi c&rsquo;est Oc\u00e9ane et je suis passionn\u00e9e de<strong> voyages<\/strong>. J&rsquo;aime me challenger, d\u00e9couvrir de nouvelles cultures, des nouveaux paysages et apprendre du monde qui m&rsquo;entoure.<\/p>\n\n\n\n<p style=\"margin-bottom:var(--wp--preset--spacing--30)\">En 2022 je suis partie pour mon premier voyage en solo, un mois en Tha\u00eflande. C&rsquo;est ce premier pas qui m&rsquo;a rendue totalement accro aux <strong>voyages<\/strong>.<\/p>\n\n\n\n<p>Aujourd&rsquo;hui je suis en PVT au Canada, \u00e0 Montr\u00e9al plus pr\u00e9cis\u00e9ment, l&rsquo;aventure continue, alors je cr\u00e9e ce <strong>blog voyage<\/strong> pour t&#8217;emmener avec moi !<\/p>\n\n\n\n<p class=\"has-text-align-center has-medium-font-size\" style=\"font-style:normal;font-weight:500\">POURQUOI CE BLOG VOYAGE ?<\/p>\n\n\n\n<p style=\"margin-bottom:var(--wp--preset--spacing--30)\">Tu trouveras dans ce <strong>blog voyage<\/strong> de nombreux conseils pour pr\u00e9parer tes prochaines exp\u00e9ditions.<\/p>\n\n\n\n<p>Mes r\u00e9cits permettront \u00e9galement \u00e0 tout ceux qui le souhaitent de <strong>voyager<\/strong> depuis leur canap\u00e9 !<\/p>\n<\/div>\n<\/div>\n","protected":false},"excerpt":{"rendered":"<p>A propos QUI EST OCEANE&rsquo;S TRAVELS ? Salut ! Moi c&rsquo;est Oc\u00e9ane et je suis passionn\u00e9e de voyages. J&rsquo;aime me challenger, d\u00e9couvrir de nouvelles cultures, des nouveaux paysages et apprendre du monde qui m&rsquo;entoure. En 2022 je suis partie pour mon premier voyage en solo, un mois en Tha\u00eflande. C&rsquo;est ce premier pas qui m&rsquo;a&#8230;<\/p>\n","protected":false},"author":1,"featured_media":0,"parent":0,"menu_order":0,"comment_status":"closed","ping_status":"closed","template":"","meta":{"_kadence_starter_templates_imported_post":false,"_kad_post_transparent":"","_kad_post_title":"","_kad_post_layout":"normal","_kad_post_sidebar_id":"","_kad_post_content_style":"","_kad_post_vertical_padding":"","_kad_post_feature":"","_kad_post_feature_position":"","_kad_post_header":false,"_kad_post_footer":false,"footnotes":""},"_links":{"self":[{"href":"https:\/\/oceanetravels.com\/index.php\/wp-json\/wp\/v2\/pages\/134"}],"collection":[{"href":"https:\/\/oceanetravels.com\/index.php\/wp-json\/wp\/v2\/pages"}],"about":[{"href":"https:\/\/oceanetravels.com\/index.php\/wp-json\/wp\/v2\/types\/page"}],"author":[{"embeddable":true,"href":"https:\/\/oceanetravels.com\/index.php\/wp-json\/wp\/v2\/users\/1"}],"replies":[{"embeddable":true,"href":"https:\/\/oceanetravels.com\/index.php\/wp-json\/wp\/v2\/comments?post=134"}],"version-history":[{"count":7,"href":"https:\/\/oceanetravels.com\/index.php\/wp-json\/wp\/v2\/pages\/134\/revisions"}],"predecessor-version":[{"id":463,"href":"https:\/\/oceanetravels.com\/index.php\/wp-json\/wp\/v2\/pages\/134\/revisions\/463"}],"wp:attachment":[{"href":"https:\/\/oceanetravels.com\/index.php\/wp-json\/wp\/v2\/media?parent=134"}],"curies":[{"name":"wp","href":"https:\/\/api.w.org\/{rel}","templated":true}]}}