{"id":441,"date":"2024-04-11T04:32:36","date_gmt":"2024-04-11T02:32:36","guid":{"rendered":"https:\/\/oceanetravels.com\/?page_id=441"},"modified":"2024-04-12T04:12:24","modified_gmt":"2024-04-12T02:12:24","slug":"contact","status":"publish","type":"page","link":"https:\/\/oceanetravels.com\/index.php\/contact\/","title":{"rendered":"Contact"},"content":{"rendered":"\n<div class=\"wp-block-cover is-light\"><span aria-hidden=\"true\" class=\"wp-block-cover__background has-background-dim-0 has-background-dim\"><\/span><img loading=\"lazy\" decoding=\"async\" width=\"1280\" height=\"800\" class=\"wp-block-cover__image-background wp-image-311\" alt=\"\" src=\"https:\/\/oceanetravels.com\/wp-content\/uploads\/2024\/04\/couleur-ocean-1-1.jpg\" data-object-fit=\"cover\" srcset=\"https:\/\/oceanetravels.com\/wp-content\/uploads\/2024\/04\/couleur-ocean-1-1.jpg 1280w, https:\/\/oceanetravels.com\/wp-content\/uploads\/2024\/04\/couleur-ocean-1-1-300x188.jpg 300w, https:\/\/oceanetravels.com\/wp-content\/uploads\/2024\/04\/couleur-ocean-1-1-1024x640.jpg 1024w, https:\/\/oceanetravels.com\/wp-content\/uploads\/2024\/04\/couleur-ocean-1-1-768x480.jpg 768w\" sizes=\"(max-width: 1280px) 100vw, 1280px\" \/><div class=\"wp-block-cover__inner-container is-layout-constrained wp-block-cover-is-layout-constrained\">\n<p class=\"has-text-align-center has-large-font-size\" style=\"font-style:normal;font-weight:500\">CONTACTEZ-MOI !<\/p>\n\n\n\n<p class=\"has-text-align-center\" style=\"margin-bottom:0\">Je suis ravie de t\u2019offrir cet espace pour <strong>\u00e9changer<\/strong>, <strong>poser des questions<\/strong>, ou simplement <strong>partager tes pens\u00e9es<\/strong>.&nbsp;<\/p>\n\n\n\n<p class=\"has-text-align-center\" style=\"margin-bottom:0\">Que tu aies des commentaires, des suggestions, ou que tu souhaites faire une <strong>collaboration<\/strong>, n&rsquo;h\u00e9sites pas \u00e0 me contacter.&nbsp;<\/p>\n\n\n\n<p class=\"has-text-align-center\" style=\"margin-bottom:0\">Ton feedback est pr\u00e9cieux et m\u2019aide \u00e0 am\u00e9liorer mon contenu pour mieux r\u00e9pondre \u00e0 tes besoins.&nbsp;<\/p>\n\n\n\n<p class=\"has-text-align-center\">Merci de prendre le temps de m\u2019\u00e9crire, j\u2019ai h\u00e2te de te lire !<\/p>\n<\/div><\/div>\n\n\n\n<p><\/p>\n\n\n\n<div class=\"wp-block-contact-form-7-contact-form-selector\">\n<div class=\"wpcf7 no-js\" id=\"wpcf7-f470-o1\" lang=\"fr-FR\" dir=\"ltr\">\n<div class=\"screen-reader-response\"><p role=\"status\" aria-live=\"polite\" aria-atomic=\"true\"><\/p> <ul><\/ul><\/div>\n<form action=\"\/index.php\/wp-json\/wp\/v2\/pages\/441#wpcf7-f470-o1\" method=\"post\" class=\"wpcf7-form init\" aria-label=\"Formulaire de contact\" novalidate=\"novalidate\" data-status=\"init\">\n<div style=\"display: none;\">\n<input type=\"hidden\" name=\"_wpcf7\" value=\"470\" \/>\n<input type=\"hidden\" name=\"_wpcf7_version\" value=\"5.9.3\" \/>\n<input type=\"hidden\" name=\"_wpcf7_locale\" value=\"fr_FR\" \/>\n<input type=\"hidden\" name=\"_wpcf7_unit_tag\" value=\"wpcf7-f470-o1\" \/>\n<input type=\"hidden\" name=\"_wpcf7_container_post\" value=\"0\" \/>\n<input type=\"hidden\" name=\"_wpcf7_posted_data_hash\" value=\"\" \/>\n<\/div>\n<p><label> Votre nom<br \/>\n<span class=\"wpcf7-form-control-wrap\" data-name=\"your-name\"><input size=\"40\" class=\"wpcf7-form-control wpcf7-text wpcf7-validates-as-required\" autocomplete=\"name\" aria-required=\"true\" aria-invalid=\"false\" value=\"\" type=\"text\" name=\"your-name\" \/><\/span> <\/label>\n<\/p>\n<p><label> Votre e-mail<br \/>\n<span class=\"wpcf7-form-control-wrap\" data-name=\"your-email\"><input size=\"40\" class=\"wpcf7-form-control wpcf7-email wpcf7-validates-as-required wpcf7-text wpcf7-validates-as-email\" autocomplete=\"email\" aria-required=\"true\" aria-invalid=\"false\" value=\"\" type=\"email\" name=\"your-email\" \/><\/span> <\/label>\n<\/p>\n<p><label> Objet<br \/>\n<span class=\"wpcf7-form-control-wrap\" data-name=\"your-subject\"><input size=\"40\" class=\"wpcf7-form-control wpcf7-text wpcf7-validates-as-required\" aria-required=\"true\" aria-invalid=\"false\" value=\"\" type=\"text\" name=\"your-subject\" \/><\/span> <\/label>\n<\/p>\n<p><label> Votre message (facultatif)<br \/>\n<span class=\"wpcf7-form-control-wrap\" data-name=\"your-message\"><textarea cols=\"40\" rows=\"10\" class=\"wpcf7-form-control wpcf7-textarea\" aria-invalid=\"false\" name=\"your-message\"><\/textarea><\/span> <\/label>\n<\/p>\n<p><input class=\"wpcf7-form-control wpcf7-submit has-spinner\" type=\"submit\" value=\"Envoyer\" \/>\n<\/p><div class=\"wpcf7-response-output\" aria-hidden=\"true\"><\/div>\n<\/form>\n<\/div>\n<\/div>\n","protected":false},"excerpt":{"rendered":"","protected":false},"author":1,"featured_media":0,"parent":0,"menu_order":0,"comment_status":"closed","ping_status":"closed","template":"","meta":{"_kadence_starter_templates_imported_post":false,"_kad_post_transparent":"disable","_kad_post_title":"default","_kad_post_layout":"normal","_kad_post_sidebar_id":"","_kad_post_content_style":"","_kad_post_vertical_padding":"","_kad_post_feature":"","_kad_post_feature_position":"","_kad_post_header":false,"_kad_post_footer":false,"footnotes":""},"_links":{"self":[{"href":"https:\/\/oceanetravels.com\/index.php\/wp-json\/wp\/v2\/pages\/441"}],"collection":[{"href":"https:\/\/oceanetravels.com\/index.php\/wp-json\/wp\/v2\/pages"}],"about":[{"href":"https:\/\/oceanetravels.com\/index.php\/wp-json\/wp\/v2\/types\/page"}],"author":[{"embeddable":true,"href":"https:\/\/oceanetravels.com\/index.php\/wp-json\/wp\/v2\/users\/1"}],"replies":[{"embeddable":true,"href":"https:\/\/oceanetravels.com\/index.php\/wp-json\/wp\/v2\/comments?post=441"}],"version-history":[{"count":4,"href":"https:\/\/oceanetravels.com\/index.php\/wp-json\/wp\/v2\/pages\/441\/revisions"}],"predecessor-version":[{"id":473,"href":"https:\/\/oceanetravels.com\/index.php\/wp-json\/wp\/v2\/pages\/441\/revisions\/473"}],"wp:attachment":[{"href":"https:\/\/oceanetravels.com\/index.php\/wp-json\/wp\/v2\/media?parent=441"}],"curies":[{"name":"wp","href":"https:\/\/api.w.org\/{rel}","templated":true}]}}